{"id":32,"date":"2021-11-29T22:27:18","date_gmt":"2021-11-29T22:27:18","guid":{"rendered":"https:\/\/www.nettirukoilijat.com\/nettirukoilijat\/?page_id=32"},"modified":"2026-04-19T21:33:25","modified_gmt":"2026-04-19T19:33:25","slug":"rukousmuuri","status":"publish","type":"page","link":"https:\/\/www.nettirukoilijat.com\/nettirukoilijat\/","title":{"rendered":"<a href=\"http:\/\/nettirukoilijat.com\/nettirukoilijat\/\"><font color=#000000>Rukouspyynt\u00f6<\/font><\/a>"},"content":{"rendered":"\n<p>Uusin l\u00e4hetyskirje, kev\u00e4t 2026, on nyt sivustolla <\/p>\n\n\n\n<div class=\"wp-block-buttons is-layout-flex wp-block-buttons-is-layout-flex\">\n<div class=\"wp-block-button\"><a class=\"wp-block-button__link wp-element-button\" href=\"https:\/\/herralle.com\/lahetyskirje\/lahetyskirjeet\/kevat-2026\/\">LUE t\u00e4st\u00e4<\/a><\/div>\n<\/div>\n\n\n\n<hr class=\"wp-block-separator has-alpha-channel-opacity\"\/>\n\n\n\n<p><a href=\"https:\/\/herralle.com\/liittyminen\/tilisiirtotieto\/\">Katso ty\u00f6n kannatuksen tilisiirtotiedot.&nbsp;<\/a><\/p>\n\n\n\n<p><a href=\"https:\/\/herralle.com\/liittyminen\/\">Ryhdy ty\u00f6nkannattajaksi.<\/a><\/p>\n\n\n\n<hr class=\"wp-block-separator has-alpha-channel-opacity\"\/>\n\n\n\n<h4 class=\"wp-block-heading has-primary-color has-text-color has-link-color has-large-font-size wp-elements-638c80fcaa20eff34d643c399dbd6020\">Kirjoita rukouspyynt\u00f6si lyhyesti ja selke\u00e4sti. J\u00e4t\u00e4mme pitk\u00e4t selittelyt ja mainostamiset julkaisematta.<\/h4>\n\n\n<p><center><div id=\"prayerengine\">\n\t<!-- PRAYER ENGINE PRAYER WALL - EDIT AT YOUR OWN RISK! -->\t\n\t\t\t<div id=\"pe-functions\">\n\t\t\t \n<script type=\"text\/javascript\">\n\t\tjQuery(document).ready(function() {\n\t\t\tjQuery('#pe-twitter-area').hide();\n\t\t\tjQuery('#prayerengine_prayer_tweet').focus(function() { \/\/ Replace instructions with current prayer request on click.\n\t\t\t\tvar prayer = jQuery('#prayerengine_prayer').attr('value');\n\t\t\t\tjQuery(this).val(prayer);\n\t\t\t\tjQuery(this).unbind();\n\t\t\t});\n\t\t});\n<\/script>\n\t\t\t\t\t\t\t\t\t\t\t\t\t\t<\/div>\n\t\t<div id=\"pe-container\">\n\t\t\t\t\t\t\t\t\t<div class=\"pe-explore-bar\">\n\t\t\t\t<h4 class=\"pe-form-toggle\"><a href=\"#\" class=\"pe-prayer-form\">Lis&auml;&auml; sinun rukouspyynt&ouml;si<\/a><\/h4>\n\t\t\t<\/div>\n\t\t\t\t\t\t<!-- begin prayer request submit form -->\n\t\t\t<div id=\"pe-submit-container\">\n\t\t\t\t<div id=\"pe-form-container\"  >\n\t\t\t\t\t\t\t\t\t\t\t\t\t\t\t<p class=\"instructions\">Kun rukouspyynt\u00f6si on saatu, se laitetaan esille heti kun se on tarkastettu. Kun laittamasi rukouspyynt\u00f6 ei heti n\u00e4y listalla, \u00e4l\u00e4 laita sit\u00e4 varmuuden vuoksi monta kertaa per\u00e4kk\u00e4in. Rukouspyynn\u00f6t tulevat palstalle n\u00e4kyviin noin vuorokauden sis\u00e4ll\u00e4 siin\u00e4 j\u00e4rjestyksess\u00e4 kun ne on l\u00e4hetetty. Jos laittamasi rukouspyynt\u00f6 on esim. 80. pyynt\u00f6 sin\u00e4 p\u00e4iv\u00e4n\u00e4, niin pyynt\u00f6si tulee silloin n\u00e4kyviin palstan sivulla 8. \u00c4l\u00e4 pety, jos se ei ole sivulla 1 tai 2. Jokaisen pyynn\u00f6n puolesta rukoillaan!\r\n\r\nRukouspalstoilla ei saa mainostaa j\u00e4rjest\u00f6jen, yhdistysten, seurakuntien ym. nimi\u00e4, t\u00f6it\u00e4 eik\u00e4 nettisivuja.<\/p>\n\t\t\t\t\t<form action=\"https:\/\/www.nettirukoilijat.com\/nettirukoilijat\/?enmpe_type=p\" method=\"post\" id=\"prayerform\">\n\t\t\t\t\t\t<table border=\"0\" cellspacing=\"0\" cellpadding=\"0\">\n\t\t\t\t\t\t\t<tr>\n\t\t\t\t\t\t\t\t<td class=\"label\"><label for=\"prayerengine_name\">Etunimi tai peitenimi tai nimett\u00f6m\u00e4sti:<\/label><\/td>\n\t\t\t\t\t\t\t\t<td class=\"inputcell\"><input type=\"text\" name=\"prayerengine_name\" value=\"\" id=\"prayerengine_name\" tabindex=\"1\" \/><\/td>\n\t\t\t\t\t\t\t<\/tr>\n\t\t\t\t\t\t\t<tr>\n\t\t\t\t\t\t\t\t<td class=\"label\"><label for=\"prayerengine_email\">Oikea s\u00e4hk\u00f6postiosoitte, ei keksitty (ei julkaista):<\/label><\/td>\n\t\t\t\t\t\t\t\t<td class=\"inputcell\"><input type=\"text\" name=\"prayerengine_email\" value=\"\" id=\"prayerengine_email\" tabindex=\"2\" \/><\/td>\n\t\t\t\t\t\t\t<\/tr>\n\t\t\t\t\t\t\t\t\t\t\t\t\t\t<tr>\n\t\t\t\t\t\t\t\t<td class=\"label dropdown\"><label for=\"prayerengine_desired_share_option\">Huom:<\/label><\/td>\n\t\t\t\t\t\t\t\t<td class=\"optioncell\">\n\t\t\t\t\t\t\t\t\t<select name=\"prayerengine_desired_share_option\" id=\"prayerengine_desired_share_option\" tabindex=\"4\">\n\t\t\t\t\t\t\t\t\t\t<option value=\"Share Online\" >Julkaisemme antamasi nimen mukaan<\/option>\n\t\t\t\t\t\t\t\t\t<\/select>\n\t\t\t\t\t\t\t\t<\/td>\n\t\t\t\t\t\t\t<\/tr>\n\t\t\t\t\t\t\t<tr>\n\t\t\t\t\t\t\t\t<td class=\"label\"><label for=\"prayerengine_prayer\">Rukouspyynt\u00f6si ja my&ouml;s kiitosaiheesi:<\/label><\/td>\n\t\t\t\t\t\t\t\t<td class=\"prayercell\">\n\t\t\t\t\t\t\t\t\t<textarea name=\"prayerengine_prayer\" rows=\"10\" cols=\"40\" id=\"prayerengine_prayer\" tabindex=\"5\"><\/textarea>\n\t\t\t\t\t\t\t\t\t\t\t\t\t\t\t\t\t<\/td>\n\t\t\t\t\t\t\t<\/tr>\n\t\t\t\t\t\t\t<tr>\n\t\t\t\t\t\t\t\t<td class=\"label empty\"><\/td>\n\t\t\t\t\t\t\t\t<td class=\"optionarea\">\n\t\t\t\t\t\t\t\t\t<input name=\"prayerengine_notifyme\" id=\"prayerengine_notifyme\" type=\"checkbox\" value=\"1\" class=\"check\" tabindex=\"6\"  \/> <label for=\"prayerengine_notifyme\" class=\"checkbox\">Haluan s\u00e4hk\u00f6postiviestin kun joku rukoilee puolestani.<\/label><br \/>\t\t\t\t\t\t\t\t\t\t\t\t\t\t\t\t\t\t\t\t\t\t\t\t\t\t<\/td>\n\t\t\t\t\t\t\t<\/tr>\n\t\t\t\t\t\t<\/table>\n\t\t\t\t\t\t\t\t\t\t\t\t\t\t<table border=\"0\" cellspacing=\"0\" cellpadding=\"0\">\n\t\t<tr>\n\t\t\t<td class=\"label spam\"><label for=\"prayerengine_prayer\">Laita ruksi ja vahvista ennen kuin l\u00e4het\u00e4t:<\/label><\/td>\n\t\t\t<td class=\"spamcell\">\n\t\t\t\t <div class=\"g-recaptcha\" data-sitekey=\"6Le4MycTAAAAADzLHCoic0WLlNPqKPMJwjojvWbK\"><\/div>\n\t\t\t\t<script type=\"text\/javascript\"\n\t\t\t\t\tsrc=\"https:\/\/www.google.com\/recaptcha\/api.js?hl=fi\">\n\t\t\t\t<\/script>\n\t\t\t<\/td>\n\t\t<\/tr>\n\t<\/table>\n\t\t\t\t\t\t<div id=\"pe-submit-area\">\n\t\t\t\t\t\t\t<input type=\"hidden\" id=\"enmpe_nonce\" name=\"enmpe_nonce\" value=\"94c9c5be8e\" \/><input type=\"hidden\" name=\"_wp_http_referer\" value=\"\/nettirukoilijat\/wp-json\/wp\/v2\/pages\/32\" \/>\t\t\t\t\t\t\t<input type=\"submit\" value=\"L\u00c4HET\u00c4\" class=\"pe-submit\" tabindex=\"10\" \/>\n\t\t\t\t\t\t<\/div>\n\t\t\t\t\t<\/form>\n\t\t\t\t<\/div>\n\t\t\t<\/div>\n\t\t\t<div class=\"ie6-spacer\"><\/div>\n\t\t\t<!-- end prayer request submit form -->\t\n\t\t\t\t\t\t\t\t\t<!-- list of prayer requests -->\n\t\t\t<div id=\"pe-prayer-list\">\n\t\t\t\t\t\t\t<div class=\"pe-prayer-odd\" id=\"prayer62838\">\n\t\t\t\t\t\t\t\t\t\t\t\t\t\t\t<div class=\"pe-count-area\" id=\"count62838\">\n\t\t\t\t\t\t<form action=\"#\" id=\"form62838\" method=\"post\">\n\t\t\t\t\t\t\t<a href=\"#\" class=\"submitlink\">Min&auml; rukoilin<\/a>\t\t\t\t\t\t\t\t\t\t\t\t\t\t<h4>Rukoiltu 27 kertaa.<\/h4>\n\t\t\t\t\t\t\t\t\t\t\t\t\t\t<input type=\"hidden\" name=\"id\" value=\"62838\" class=\"id\" \/>\n\t\t\t\t\t\t\t<input type=\"hidden\" id=\"enmpe_iprayed62838\" name=\"enmpe_iprayed62838\" value=\"09ccf30309\" \/><input type=\"hidden\" name=\"_wp_http_referer\" value=\"\/nettirukoilijat\/wp-json\/wp\/v2\/pages\/32\" \/>\t\t\t\t\t\t<\/form>\n\t\t\t\t\t<\/div>\n\t\t\t\t\t\t\t\t\t\t<h3 class=\"pe-name\"><a href=\"https:\/\/www.nettirukoilijat.com\/nettirukoilijat\/?enmpe=1&enmpe_i=62838\">Hannu M<\/a><\/h3>\n\t\t\t\t\t<p>Kasta Jeesus minut Pyh\u00e4ll\u00e4 Hengell\u00e4. Paranna ihmisarkuus, pelot, ahdistus, virtsaaminen, tinnitus, diabetes, ummetus ja uniapnea. Paranna Tertun Alzheimeri. Anna uusi auto. Siunaa Israelia, siunaa juutalaisia ja tuo rauha Jerusalemiin. Kiitos Jeesus!!!<\/p><h4>Saatu: 27.04.26<\/h4>\n\t\t\t\t<\/div>\n\t\t\t\t\t\t\t<div class=\"pe-prayer-even\" id=\"prayer62837\">\n\t\t\t\t\t\t\t\t\t\t\t\t\t\t\t<div class=\"pe-count-area\" id=\"count62837\">\n\t\t\t\t\t\t<form action=\"#\" id=\"form62837\" method=\"post\">\n\t\t\t\t\t\t\t<a href=\"#\" class=\"submitlink\">Min&auml; rukoilin<\/a>\t\t\t\t\t\t\t\t\t\t\t\t\t\t<h4>Rukoiltu 30 kertaa.<\/h4>\n\t\t\t\t\t\t\t\t\t\t\t\t\t\t<input type=\"hidden\" name=\"id\" value=\"62837\" class=\"id\" \/>\n\t\t\t\t\t\t\t<input type=\"hidden\" id=\"enmpe_iprayed62837\" name=\"enmpe_iprayed62837\" value=\"747665d328\" \/><input type=\"hidden\" name=\"_wp_http_referer\" value=\"\/nettirukoilijat\/wp-json\/wp\/v2\/pages\/32\" \/>\t\t\t\t\t\t<\/form>\n\t\t\t\t\t<\/div>\n\t\t\t\t\t\t\t\t\t\t<h3 class=\"pe-name\"><a href=\"https:\/\/www.nettirukoilijat.com\/nettirukoilijat\/?enmpe=1&enmpe_i=62837\">Ellu<\/a><\/h3>\n\t\t\t\t\t<p>pyyd\u00e4n vy\u00f6ruusuni paranemista,3kk hermokipua<\/p><h4>Saatu: 27.04.26<\/h4>\n\t\t\t\t<\/div>\n\t\t\t\t\t\t\t<div class=\"pe-prayer-odd\" id=\"prayer62836\">\n\t\t\t\t\t\t\t\t\t\t\t\t\t\t\t<div class=\"pe-count-area\" id=\"count62836\">\n\t\t\t\t\t\t<form action=\"#\" id=\"form62836\" method=\"post\">\n\t\t\t\t\t\t\t<a href=\"#\" class=\"submitlink\">Min&auml; rukoilin<\/a>\t\t\t\t\t\t\t\t\t\t\t\t\t\t<h4>Rukoiltu 27 kertaa.<\/h4>\n\t\t\t\t\t\t\t\t\t\t\t\t\t\t<input type=\"hidden\" name=\"id\" value=\"62836\" class=\"id\" \/>\n\t\t\t\t\t\t\t<input type=\"hidden\" id=\"enmpe_iprayed62836\" name=\"enmpe_iprayed62836\" value=\"d6809fdf9d\" \/><input type=\"hidden\" name=\"_wp_http_referer\" value=\"\/nettirukoilijat\/wp-json\/wp\/v2\/pages\/32\" \/>\t\t\t\t\t\t<\/form>\n\t\t\t\t\t<\/div>\n\t\t\t\t\t\t\t\t\t\t<h3 class=\"pe-name\"><a href=\"https:\/\/www.nettirukoilijat.com\/nettirukoilijat\/?enmpe=1&enmpe_i=62836\">Eva<\/a><\/h3>\n\t\t\t\t\t<p>Kiitos Jeesus kaikesta hyv\u00e4st\u00e4 el\u00e4m\u00e4ss\u00e4mme.\r<\/p><p>Kiitos, ett\u00e4 jaksoin k\u00e4yd\u00e4 uimassa. Siunaa Jeesus, ett\u00e4 kes\u00e4\u00e4n menness\u00e4 voisin laihtua 2 kg.\r<\/p><p>Siunaa Solun kokoontuminen meill\u00e4 5.5. Auta, etten stressaisi sit\u00e4.\r<\/p><p>Uudista minut uskossa ja luottamisessa Taivaan Is\u00e4\u00e4n.\r<\/p><p>Rakastuta meid\u00e4t puolisoina Jeesukseen ja toinen toisiimme. Hoida menneisyyteni traumat. Tee meiss\u00e4 uutta. <\/p><h4>Saatu: 27.04.26<\/h4>\n\t\t\t\t<\/div>\n\t\t\t\t\t\t\t<div class=\"pe-prayer-even\" id=\"prayer62835\">\n\t\t\t\t\t\t\t\t\t\t\t\t\t\t\t<div class=\"pe-count-area\" id=\"count62835\">\n\t\t\t\t\t\t<form action=\"#\" id=\"form62835\" method=\"post\">\n\t\t\t\t\t\t\t<a href=\"#\" class=\"submitlink\">Min&auml; rukoilin<\/a>\t\t\t\t\t\t\t\t\t\t\t\t\t\t<h4>Rukoiltu 29 kertaa.<\/h4>\n\t\t\t\t\t\t\t\t\t\t\t\t\t\t<input type=\"hidden\" name=\"id\" value=\"62835\" class=\"id\" \/>\n\t\t\t\t\t\t\t<input type=\"hidden\" id=\"enmpe_iprayed62835\" name=\"enmpe_iprayed62835\" value=\"8c84c04a47\" \/><input type=\"hidden\" name=\"_wp_http_referer\" value=\"\/nettirukoilijat\/wp-json\/wp\/v2\/pages\/32\" \/>\t\t\t\t\t\t<\/form>\n\t\t\t\t\t<\/div>\n\t\t\t\t\t\t\t\t\t\t<h3 class=\"pe-name\"><a href=\"https:\/\/www.nettirukoilijat.com\/nettirukoilijat\/?enmpe=1&enmpe_i=62835\">Kiitos Jeesus!<\/a><\/h3>\n\t\t\t\t\t<p>Kiitos Jeesus.H\u00e4vinnyt lompakko l\u00f6ytyi.<\/p><h4>Saatu: 27.04.26<\/h4>\n\t\t\t\t<\/div>\n\t\t\t\t\t\t\t<div class=\"pe-prayer-odd\" id=\"prayer62831\">\n\t\t\t\t\t\t\t\t\t\t\t\t\t\t\t<div class=\"pe-count-area\" id=\"count62831\">\n\t\t\t\t\t\t<form action=\"#\" id=\"form62831\" method=\"post\">\n\t\t\t\t\t\t\t<a href=\"#\" class=\"submitlink\">Min&auml; rukoilin<\/a>\t\t\t\t\t\t\t\t\t\t\t\t\t\t<h4>Rukoiltu 28 kertaa.<\/h4>\n\t\t\t\t\t\t\t\t\t\t\t\t\t\t<input type=\"hidden\" name=\"id\" value=\"62831\" class=\"id\" \/>\n\t\t\t\t\t\t\t<input type=\"hidden\" id=\"enmpe_iprayed62831\" name=\"enmpe_iprayed62831\" value=\"2a414cedcd\" \/><input type=\"hidden\" name=\"_wp_http_referer\" value=\"\/nettirukoilijat\/wp-json\/wp\/v2\/pages\/32\" \/>\t\t\t\t\t\t<\/form>\n\t\t\t\t\t<\/div>\n\t\t\t\t\t\t\t\t\t\t<h3 class=\"pe-name\"><a href=\"https:\/\/www.nettirukoilijat.com\/nettirukoilijat\/?enmpe=1&enmpe_i=62831\">Jeesus auta<\/a><\/h3>\n\t\t\t\t\t<p>T\u00e4n\u00e4\u00e4n tuli sy\u00f6p\u00e4l\u00e4\u00e4k\u00e4rin soitto ultrakuvasta, rintasy\u00f6p\u00e4 on l\u00e4htenyt uudestaan liikkeelle. Tulossa on joko sytostaattitiputukset tai leikkaus, jota ei viel\u00e4 ole ollutkaan. Em. p\u00e4\u00e4t\u00f6s tulee toukokuun puoliv\u00e4liss\u00e4.Tietysti pelottaa, kun minulla on jo ollut sytotiputukset vuosia sitten kev\u00e4tkauden ja menin v\u00e4syksiin, sain neuropatiaa. Jeesus armahda, auta, paranna! Kiitos rukoustuesta !<\/p><h4>Saatu: 27.04.26<\/h4>\n\t\t\t\t<\/div>\n\t\t\t\t\t\t\t<div class=\"pe-prayer-even\" id=\"prayer62830\">\n\t\t\t\t\t\t\t\t\t\t\t\t\t\t\t<div class=\"pe-count-area\" id=\"count62830\">\n\t\t\t\t\t\t<form action=\"#\" id=\"form62830\" method=\"post\">\n\t\t\t\t\t\t\t<a href=\"#\" class=\"submitlink\">Min&auml; rukoilin<\/a>\t\t\t\t\t\t\t\t\t\t\t\t\t\t<h4>Rukoiltu 30 kertaa.<\/h4>\n\t\t\t\t\t\t\t\t\t\t\t\t\t\t<input type=\"hidden\" name=\"id\" value=\"62830\" class=\"id\" \/>\n\t\t\t\t\t\t\t<input type=\"hidden\" id=\"enmpe_iprayed62830\" name=\"enmpe_iprayed62830\" value=\"1e3554cf37\" \/><input type=\"hidden\" name=\"_wp_http_referer\" value=\"\/nettirukoilijat\/wp-json\/wp\/v2\/pages\/32\" \/>\t\t\t\t\t\t<\/form>\n\t\t\t\t\t<\/div>\n\t\t\t\t\t\t\t\t\t\t<h3 class=\"pe-name\"><a href=\"https:\/\/www.nettirukoilijat.com\/nettirukoilijat\/?enmpe=1&enmpe_i=62830\">Leena<\/a><\/h3>\n\t\t\t\t\t<p>Veljentytt\u00e4rell\u00e4ni on juuri todettu virtsarakon sy\u00f6p\u00e4. H\u00e4nelle on tehty aiemmin keuhkonsiirto, joten h\u00e4n tarvitsee erityist\u00e4 tukea ja hoitoa. Kiitos kun rukoilet!<\/p><h4>Saatu: 27.04.26<\/h4>\n\t\t\t\t<\/div>\n\t\t\t\t\t\t\t<div class=\"pe-prayer-odd\" id=\"prayer62829\">\n\t\t\t\t\t\t\t\t\t\t\t\t\t\t\t<div class=\"pe-count-area\" id=\"count62829\">\n\t\t\t\t\t\t<form action=\"#\" id=\"form62829\" method=\"post\">\n\t\t\t\t\t\t\t<a href=\"#\" class=\"submitlink\">Min&auml; rukoilin<\/a>\t\t\t\t\t\t\t\t\t\t\t\t\t\t<h4>Rukoiltu 29 kertaa.<\/h4>\n\t\t\t\t\t\t\t\t\t\t\t\t\t\t<input type=\"hidden\" name=\"id\" value=\"62829\" class=\"id\" \/>\n\t\t\t\t\t\t\t<input type=\"hidden\" id=\"enmpe_iprayed62829\" name=\"enmpe_iprayed62829\" value=\"f804c20eb7\" \/><input type=\"hidden\" name=\"_wp_http_referer\" value=\"\/nettirukoilijat\/wp-json\/wp\/v2\/pages\/32\" \/>\t\t\t\t\t\t<\/form>\n\t\t\t\t\t<\/div>\n\t\t\t\t\t\t\t\t\t\t<h3 class=\"pe-name\"><a href=\"https:\/\/www.nettirukoilijat.com\/nettirukoilijat\/?enmpe=1&enmpe_i=62829\">\u00c4iti<\/a><\/h3>\n\t\t\t\t\t<p>Anna lapseni kysy\u00e4 yht\u00e4 vapaana olevaa ty\u00f6paikkaa, mist\u00e4 kaveriltaan kuuli, vaikka siell\u00e4kin firmassa on ollut ep\u00e4oikeudenmukaisuutta. Kiitos !<\/p><h4>Saatu: 27.04.26<\/h4>\n\t\t\t\t<\/div>\n\t\t\t\t\t\t\t<div class=\"pe-prayer-even\" id=\"prayer62828\">\n\t\t\t\t\t\t\t\t\t\t\t\t\t\t\t<div class=\"pe-count-area\" id=\"count62828\">\n\t\t\t\t\t\t<form action=\"#\" id=\"form62828\" method=\"post\">\n\t\t\t\t\t\t\t<a href=\"#\" class=\"submitlink\">Min&auml; rukoilin<\/a>\t\t\t\t\t\t\t\t\t\t\t\t\t\t<h4>Rukoiltu 28 kertaa.<\/h4>\n\t\t\t\t\t\t\t\t\t\t\t\t\t\t<input type=\"hidden\" name=\"id\" value=\"62828\" class=\"id\" \/>\n\t\t\t\t\t\t\t<input type=\"hidden\" id=\"enmpe_iprayed62828\" name=\"enmpe_iprayed62828\" value=\"048db6281e\" \/><input type=\"hidden\" name=\"_wp_http_referer\" value=\"\/nettirukoilijat\/wp-json\/wp\/v2\/pages\/32\" \/>\t\t\t\t\t\t<\/form>\n\t\t\t\t\t<\/div>\n\t\t\t\t\t\t\t\t\t\t<h3 class=\"pe-name\"><a href=\"https:\/\/www.nettirukoilijat.com\/nettirukoilijat\/?enmpe=1&enmpe_i=62828\">Piina jatkuu<\/a><\/h3>\n\t\t\t\t\t<p>Mielisairas naapuri on kiusannut jo pari vuotta, aina v\u00e4lill\u00e4 saan olla rauhassa. Soisin vihdoin sen loppuvan. Poliisillekin asian viemist\u00e4 on is\u00e4nn\u00f6itsij\u00e4n toimesta ehdotettu. Armahda, Jeesus ja anna minulle sopivan uuden asunnon l\u00f6yty\u00e4. <\/p><h4>Saatu: 27.04.26<\/h4>\n\t\t\t\t<\/div>\n\t\t\t\t\t\t\t<div class=\"pe-prayer-odd\" id=\"prayer62827\">\n\t\t\t\t\t\t\t\t\t\t\t\t\t\t\t<div class=\"pe-count-area\" id=\"count62827\">\n\t\t\t\t\t\t<form action=\"#\" id=\"form62827\" method=\"post\">\n\t\t\t\t\t\t\t<a href=\"#\" class=\"submitlink\">Min&auml; rukoilin<\/a>\t\t\t\t\t\t\t\t\t\t\t\t\t\t<h4>Rukoiltu 30 kertaa.<\/h4>\n\t\t\t\t\t\t\t\t\t\t\t\t\t\t<input type=\"hidden\" name=\"id\" value=\"62827\" class=\"id\" \/>\n\t\t\t\t\t\t\t<input type=\"hidden\" id=\"enmpe_iprayed62827\" name=\"enmpe_iprayed62827\" value=\"393d1c9266\" \/><input type=\"hidden\" name=\"_wp_http_referer\" value=\"\/nettirukoilijat\/wp-json\/wp\/v2\/pages\/32\" \/>\t\t\t\t\t\t<\/form>\n\t\t\t\t\t<\/div>\n\t\t\t\t\t\t\t\t\t\t<h3 class=\"pe-name\"><a href=\"https:\/\/www.nettirukoilijat.com\/nettirukoilijat\/?enmpe=1&enmpe_i=62827\">\u00c4iti<\/a><\/h3>\n\t\t\t\t\t<p>Herra auta! Pojan ty\u00f6t eiv\u00e4t ole viel\u00e4k\u00e4\u00e4n alkaneet, lomautus vain jatkuu. Joutuu luopumaan autosta, ellei kutsua t\u00f6ihin ala tulla, rahat loppuvat. Vain sin\u00e4 Herra voit parantaa ty\u00f6tilanteen. Ep\u00e4toivoinen ja lamaantunut tunnelma. Min\u00e4k\u00e4\u00e4n en voi paljoa taloudellisesti auttaa, kun jouduin yst\u00e4v\u00e4ni  harhaanjohtamaksi ja tein liian isot ja kalliit kaupat. Sekin harmittaa minua.<\/p><h4>Saatu: 27.04.26<\/h4>\n\t\t\t\t<\/div>\n\t\t\t\t\t\t\t<div class=\"pe-prayer-even\" id=\"prayer62826\">\n\t\t\t\t\t\t\t\t\t\t\t\t\t\t\t<div class=\"pe-count-area\" id=\"count62826\">\n\t\t\t\t\t\t<form action=\"#\" id=\"form62826\" method=\"post\">\n\t\t\t\t\t\t\t<a href=\"#\" class=\"submitlink\">Min&auml; rukoilin<\/a>\t\t\t\t\t\t\t\t\t\t\t\t\t\t<h4>Rukoiltu 29 kertaa.<\/h4>\n\t\t\t\t\t\t\t\t\t\t\t\t\t\t<input type=\"hidden\" name=\"id\" value=\"62826\" class=\"id\" \/>\n\t\t\t\t\t\t\t<input type=\"hidden\" id=\"enmpe_iprayed62826\" name=\"enmpe_iprayed62826\" value=\"0d5f007815\" \/><input type=\"hidden\" name=\"_wp_http_referer\" value=\"\/nettirukoilijat\/wp-json\/wp\/v2\/pages\/32\" \/>\t\t\t\t\t\t<\/form>\n\t\t\t\t\t<\/div>\n\t\t\t\t\t\t\t\t\t\t<h3 class=\"pe-name\"><a href=\"https:\/\/www.nettirukoilijat.com\/nettirukoilijat\/?enmpe=1&enmpe_i=62826\">Sini<\/a><\/h3>\n\t\t\t\t\t<p>Pyyd\u00e4n rukousta ett\u00e4 vanhempani tulisivat uskoon ja pelastuisivat. Pyyd\u00e4n rukousta my\u00f6s ett\u00e4 Jeesus vapauttaisi katkeruudesta ja pahoista hengist\u00e4 ja jos Jumalan tahto ei ole minun olla parisuhteessa nykyisen poikayst\u00e4v\u00e4ni kanssa niin Jumala j\u00e4rjest\u00e4isi eron<\/p><h4>Saatu: 27.04.26<\/h4>\n\t\t\t\t<\/div>\n\t\t\t\t\t\t<\/div>\n\t\t\t<div class=\"pe-pagination\"><span class=\"pe-current-page\">1<\/span> <a href=\"https:\/\/www.nettirukoilijat.com\/nettirukoilijat\/?enmpe=1&amp;enmpe_c=10&amp;enmpe_p=6\" class=\"pepnumber\">2<\/a> <a href=\"https:\/\/www.nettirukoilijat.com\/nettirukoilijat\/?enmpe=1&amp;enmpe_c=20&amp;enmpe_p=6\" class=\"pepnumber\">3<\/a> <a href=\"https:\/\/www.nettirukoilijat.com\/nettirukoilijat\/?enmpe=1&amp;enmpe_c=30&amp;enmpe_p=6\" class=\"pepnumber\">4<\/a> <a href=\"https:\/\/www.nettirukoilijat.com\/nettirukoilijat\/?enmpe=1&amp;enmpe_c=40&amp;enmpe_p=6\" class=\"pepnumber\">5<\/a> <a href=\"https:\/\/www.nettirukoilijat.com\/nettirukoilijat\/?enmpe=1&amp;enmpe_c=50&amp;enmpe_p=6\" class=\"pepnumber\">6<\/a> <a href=\"https:\/\/www.nettirukoilijat.com\/nettirukoilijat\/?enmpe=1&amp;enmpe_c=10&amp;enmpe_p=6\" class=\"next page-numbers\"><font color=\"white\"><span>Lis\u00e4\u00e4 <\/span>&raquo;<\/font><\/a><div style=\"clear: both;\"><\/div><\/div>\n\t\t\t\t\t<\/div>\n\t\t\t\t<!-- Version 2.3.1 101021 -->\n<\/div>\n<\/center><\/p>\n\n\n\n<p><\/p>\n","protected":false},"excerpt":{"rendered":"<p>Uusin l\u00e4hetyskirje, kev\u00e4t 2026, on nyt sivustolla Katso ty\u00f6n kannatuksen tilisiirtotiedot.&nbsp; Ryhdy ty\u00f6nkannattajaksi. Kirjoita rukouspyynt\u00f6si lyhyesti ja selke\u00e4sti. J\u00e4t\u00e4mme pitk\u00e4t selittelyt ja mainostamiset julkaisematta.<\/p>\n","protected":false},"author":1,"featured_media":0,"parent":0,"menu_order":0,"comment_status":"closed","ping_status":"closed","template":"","meta":{"spay_email":"","footnotes":""},"class_list":["post-32","page","type-page","status-publish","hentry"],"_links":{"self":[{"href":"https:\/\/www.nettirukoilijat.com\/nettirukoilijat\/wp-json\/wp\/v2\/pages\/32","targetHints":{"allow":["GET"]}}],"collection":[{"href":"https:\/\/www.nettirukoilijat.com\/nettirukoilijat\/wp-json\/wp\/v2\/pages"}],"about":[{"href":"https:\/\/www.nettirukoilijat.com\/nettirukoilijat\/wp-json\/wp\/v2\/types\/page"}],"author":[{"embeddable":true,"href":"https:\/\/www.nettirukoilijat.com\/nettirukoilijat\/wp-json\/wp\/v2\/users\/1"}],"replies":[{"embeddable":true,"href":"https:\/\/www.nettirukoilijat.com\/nettirukoilijat\/wp-json\/wp\/v2\/comments?post=32"}],"version-history":[{"count":77,"href":"https:\/\/www.nettirukoilijat.com\/nettirukoilijat\/wp-json\/wp\/v2\/pages\/32\/revisions"}],"predecessor-version":[{"id":177,"href":"https:\/\/www.nettirukoilijat.com\/nettirukoilijat\/wp-json\/wp\/v2\/pages\/32\/revisions\/177"}],"wp:attachment":[{"href":"https:\/\/www.nettirukoilijat.com\/nettirukoilijat\/wp-json\/wp\/v2\/media?parent=32"}],"curies":[{"name":"wp","href":"https:\/\/api.w.org\/{rel}","templated":true}]}}